{"id":17,"date":"2014-05-11T18:49:35","date_gmt":"2014-05-11T18:49:35","guid":{"rendered":"http:\/\/bet-reel.fr\/?page_id=17"},"modified":"2015-06-29T14:05:52","modified_gmt":"2015-06-29T14:05:52","slug":"etudes-de-conception","status":"publish","type":"page","link":"https:\/\/bet-reel.fr\/?page_id=17","title":{"rendered":"\u00c9TUDES DE CONCEPTION"},"content":{"rendered":"<p style=\"text-align: justify;\"><span style=\"text-decoration: underline; color: #ff9900;\"><strong>Le r\u00f4le du Bureau d\u2019\u00c9tudes Techniques en Ma\u00eetrise d&rsquo;oeuvre :<\/strong><\/span><\/p>\n<p style=\"text-align: justify;\">Le BET \u00e9lectricit\u00e9 est en \u00e9troite collaboration avec les architectes, les \u00e9conomistes et les autres bureaux d&rsquo;\u00e9tudes, tels que les BET Structure et les BET Thermique.<\/p>\n<p style=\"text-align: justify;\">Membre de l&rsquo;\u00e9quipe de Ma\u00eetrise d\u2019\u0153uvre, le r\u00f4le d&rsquo;un BET \u00e9lectricit\u00e9 est d&rsquo;effectuer l&rsquo;analyse technique du b\u00e2timent dans le but de concevoir et de dimensionner les installations courants forts et courants faibles en fonction des normes en vigueur et en respectant les exigences du Ma\u00eetre d&rsquo;Ouvrage (d\u00e9lais, besoins, budget, etc.) ;<\/p>\n<p style=\"text-align: justify;\">Ceci am\u00e8ne aux choix techniques et esth\u00e9tiques du mat\u00e9riel \u00e0 mettre en \u0153uvre, \u00e0 la r\u00e9alisation des notes de calcul r\u00e9glementaires (\u00e9clairement, colonne montante, chute de tension, intensit\u00e9 de court-circuit, s\u00e9lectivit\u00e9, filiation, etc.), au calcul du bilan de puissances et \u00e0 l&rsquo;estimation du montant des travaux.<\/p>\n<p style=\"text-align: justify;\">Suites aux phases d&rsquo;avant-projet et de projet, l&rsquo;\u00e9quipe de ma\u00eetrise d\u2019\u0153uvre consulte les entreprises.<\/p>\n<p style=\"text-align: justify;\">Les t\u00e2ches suivant le DCE sont de proposer, apr\u00e8s analyse des offres, l&rsquo;entreprise la mieux-disante au Ma\u00eetre d&rsquo;Ouvrage, puis d&rsquo;effectuer le suivi de chantier jusqu&rsquo;\u00e0 la r\u00e9ception des travaux.<\/p>\n<p style=\"text-align: justify;\"><span style=\"text-decoration: underline; color: #ff9900;\"><strong>La composition du Dossier de Consultation des Entreprises (DCE) :<\/strong><\/span><\/p>\n<ul style=\"text-align: justify;\">\n<li>R\u00e9daction de <strong>C.C.T.P.<\/strong> (Cahier des Clauses Techniques Particuli\u00e8res) ;<\/li>\n<li>\u00c9tablissement de <strong>D.P.G.F.<\/strong> (D\u00e9composition du Prix Global et Forfaitaire) ;<\/li>\n<li>Estimation du co\u00fbt et de la dur\u00e9e des Travaux (<strong>ESTIM<\/strong>) ;<\/li>\n<li>Implantation des installations \u00e9lectriques (<strong>PLANS<\/strong> courant fort, courant faible et SSI) sur fond de plan Architecte ;<\/li>\n<li>R\u00e9alisation des <strong>SCH\u00c9MAS<\/strong> d\u2019armoires \u00e9lectriques.<\/li>\n<\/ul>\n<p style=\"text-align: justify;\"><span style=\"text-decoration: underline; color: #ff9900;\"><strong>Intervention \u00e0 tous les stades de la conception :<\/strong><\/span><\/p>\n<p style=\"text-align: justify;\">Audit &amp; Diagnostiques (DIAG) ; \u00c9tudes de Conception de l&rsquo;esquisse au projet en passant par les avant-projets (ESQ\/APS\/APD\/PRO), le Dossier de Consultation des Entreprises (DCE) ; Analyse des Offres et aide au choix de l\u2019Entreprise la mieux-disante (ACT) ; Contr\u00f4le et analyse des documents d\u2019ex\u00e9cution de l\u2019entreprise (VISA) et\/ou \u00c9tudes d\u2019Ex\u00e9cution (EXE) ; Suivi de chantier (DET) ; R\u00e9ception des Travaux (AOR).<\/p>\n","protected":false},"excerpt":{"rendered":"<p>Le r\u00f4le du Bureau d\u2019\u00c9tudes Techniques en Ma\u00eetrise d&rsquo;oeuvre : Le BET \u00e9lectricit\u00e9 est en \u00e9troite collaboration avec les architectes, les \u00e9conomistes et les autres bureaux d&rsquo;\u00e9tudes, tels que les BET Structure et les BET Thermique. Membre de l&rsquo;\u00e9quipe de Ma\u00eetrise d\u2019\u0153uvre, le r\u00f4le d&rsquo;un BET \u00e9lectricit\u00e9 est d&rsquo;effectuer l&rsquo;analyse technique du b\u00e2timent dans le [&hellip;]<\/p>\n","protected":false},"author":1,"featured_media":0,"parent":0,"menu_order":0,"comment_status":"closed","ping_status":"closed","template":"","meta":{"footnotes":""},"class_list":["post-17","page","type-page","status-publish","hentry"],"_links":{"self":[{"href":"https:\/\/bet-reel.fr\/index.php?rest_route=\/wp\/v2\/pages\/17","targetHints":{"allow":["GET"]}}],"collection":[{"href":"https:\/\/bet-reel.fr\/index.php?rest_route=\/wp\/v2\/pages"}],"about":[{"href":"https:\/\/bet-reel.fr\/index.php?rest_route=\/wp\/v2\/types\/page"}],"author":[{"embeddable":true,"href":"https:\/\/bet-reel.fr\/index.php?rest_route=\/wp\/v2\/users\/1"}],"replies":[{"embeddable":true,"href":"https:\/\/bet-reel.fr\/index.php?rest_route=%2Fwp%2Fv2%2Fcomments&post=17"}],"version-history":[{"count":9,"href":"https:\/\/bet-reel.fr\/index.php?rest_route=\/wp\/v2\/pages\/17\/revisions"}],"predecessor-version":[{"id":558,"href":"https:\/\/bet-reel.fr\/index.php?rest_route=\/wp\/v2\/pages\/17\/revisions\/558"}],"wp:attachment":[{"href":"https:\/\/bet-reel.fr\/index.php?rest_route=%2Fwp%2Fv2%2Fmedia&parent=17"}],"curies":[{"name":"wp","href":"https:\/\/api.w.org\/{rel}","templated":true}]}}