{"id":19,"date":"2014-05-11T18:55:56","date_gmt":"2014-05-11T18:55:56","guid":{"rendered":"http:\/\/bet-reel.fr\/?page_id=19"},"modified":"2015-06-29T14:15:03","modified_gmt":"2015-06-29T14:15:03","slug":"etudes-dexecution","status":"publish","type":"page","link":"https:\/\/bet-reel.fr\/?page_id=19","title":{"rendered":"\u00c9TUDES D\u2019EX\u00c9CUTION"},"content":{"rendered":"<p style=\"text-align: justify;\"><span style=\"text-decoration: underline; color: #ff9900;\"><strong>Le r\u00f4le du Bureau d\u2019\u00c9tudes Techniques en assistance aux entreprises :<br \/>\n<\/strong><\/span><\/p>\n<p style=\"text-align: justify;\">Les entreprises ex\u00e9cutantes r\u00e9pondent \u00e0 des appels d&rsquo;offres en proposant un devis accompagn\u00e9 d&rsquo;un m\u00e9moire technique pr\u00e9cisant le mat\u00e9riel pr\u00e9vu, les variantes propos\u00e9es, les moyens mat\u00e9riels et humains qui seront mis en \u0153uvre ainsi qu&rsquo;un d\u00e9lai pour l\u2019ex\u00e9cution des travaux.<\/p>\n<p style=\"text-align: justify;\">Ensuite ils doivent r\u00e9aliser les plans d\u2019ex\u00e9cution, les sch\u00e9mas et les diverses notes de calcul, pour approbation par la ma\u00eetrise d\u2019\u0153uvre et le bureau de contr\u00f4le et finalement ils rendent le D.O.E. (Dossier des Ouvrages Ex\u00e9cut\u00e9s).<\/p>\n<p style=\"text-align: justify;\">Le Bureau d\u2019\u00e9tudes REEL peut intervenir, \u00e0 la carte, sur chacune de ces phases, en assistance aux charg\u00e9s d&rsquo;affaires, dans le but d&rsquo;optimiser le chantier ou de r\u00e9pondre \u00e0 une charge de travail trop \u00e9lev\u00e9e des charg\u00e9s d&rsquo;\u00e9tudes.<\/p>\n<p style=\"text-align: justify;\"><strong><span style=\"text-decoration: underline; color: #ff9900;\">Ces \u00e9tudes sont :<\/span><\/strong><\/p>\n<ul style=\"text-align: justify;\">\n<li style=\"text-align: justify;\">Pr\u00e9paration du <strong>devis<\/strong> en d\u00e9taillant la main-d\u2019\u0153uvre et le mat\u00e9riel ;<\/li>\n<li style=\"text-align: justify;\">Recherche de <strong>variante<\/strong> \u00e9conomique, optimisation, aide au choix de mat\u00e9riel ;<\/li>\n<li style=\"text-align: justify;\">Pr\u00e9visionnel de personnel, <strong>planning <\/strong>;<\/li>\n<li style=\"text-align: justify;\"><strong>Plans<\/strong> d&rsquo;installation \u00e9lectrique courants forts et faibles ;<\/li>\n<li style=\"text-align: justify;\">Conception d&rsquo;armoire et <strong>sch\u00e9mas <\/strong>;<\/li>\n<li style=\"text-align: justify;\">Calcul et R\u00e9alisation de <strong>Bilan de Puissance<\/strong> ;<\/li>\n<li style=\"text-align: justify;\">Sch\u00e9mas et plans de <strong>colonne montante<\/strong> ;<\/li>\n<li style=\"text-align: justify;\"><strong>Note de calcul<\/strong>, normes <strong>NF C14-100<\/strong> &amp; <strong>NF C15-100<\/strong> :\n<ul>\n<li>Chutes de Tension,<\/li>\n<li>Intensit\u00e9 de Court-circuit,<\/li>\n<li>Filiation et S\u00e9lectivit\u00e9 des protections,<\/li>\n<li>Section de c\u00e2bles, etc.<\/li>\n<\/ul>\n<\/li>\n<li style=\"text-align: justify;\">Note de Calcul du niveau d\u2019<strong>\u00e9clairement<\/strong> ;<\/li>\n<li style=\"text-align: justify;\">Respect des <strong>normes PMR<\/strong> ;<\/li>\n<li style=\"text-align: justify;\"><strong>Synoptiques<\/strong> des installations courants forts et faibles ;<\/li>\n<li style=\"text-align: justify;\"><strong>Pr\u00e9paration de commande<\/strong> de mat\u00e9riel ;<\/li>\n<li style=\"text-align: justify;\">R\u00e9alisation du <strong>D.O.E. <\/strong>(Dossier des Ouvrages Ex\u00e9cut\u00e9s)\u00a0;<\/li>\n<li style=\"text-align: justify;\">Relations avec la Ma\u00eetrise d\u2019\u0153uvre et le bureau de contr\u00f4le.<\/li>\n<\/ul>\n<p style=\"text-align: justify;\"><span style=\"text-decoration: underline; color: #ff9900;\"><strong>Charte d\u2019exclusivit\u00e9 et d\u2019engagement\u00a0:<\/strong><\/span><\/p>\n<p style=\"text-align: justify;\">Le BET REEL s\u2019engage \u00e0 ne r\u00e9pondre qu\u2019avec une seule et unique entreprise lors de la r\u00e9ponse \u00e0 un appel d\u2019offre.<\/p>\n<p style=\"text-align: justify;\"><span style=\"text-decoration: underline; color: #ff9900;\"><strong>Logiciels :<\/strong><\/span><\/p>\n<ul style=\"text-align: justify;\">\n<li>Draftsight (Dessin Assist\u00e9 par Ordinateur)\u00a0;<\/li>\n<li>ELIUM de MAEC Cahors et OLYMPE de MICHAUD (Calcul de colonnes \u00e9lectriques agr\u00e9\u00e9 EDF)\u00a0;<\/li>\n<li>MyEcodial et XL Pro Calcul (Calcul de section, courants de court-circuit, chutes de tension, filiation et s\u00e9lectivit\u00e9)\u00a0;<\/li>\n<li>RapSoDiE et XL Pro (Conception d&rsquo;armoire \u00e9lectriques avec sch\u00e9mas et vue en plan)<\/li>\n<li>Dialux (Calcul des niveaux d&rsquo;\u00e9clairement)\u00a0;<\/li>\n<li>Microsoft Office PME 2013 (Bureautique).<\/li>\n<\/ul>\n<p style=\"text-align: justify;\"><span style=\"text-decoration: underline; color: #ff9900;\"><strong>Documentations :<\/strong><\/span><\/p>\n<ul>\n<li style=\"text-align: justify;\">Normes NF C14-100 et NF C15-100 avec amendements \u00e0 jour<strong>.<\/strong><\/li>\n<li style=\"text-align: justify;\">Arr\u00eat\u00e9 du 25 juin 1980 portant approbation des dispositions g\u00e9n\u00e9rales du r\u00e8glement de s\u00e9curit\u00e9 contre les risques d&rsquo;incendie et de panique dans les \u00e9tablissements recevant du public (ERP), Version consolid\u00e9e au 01 janvier 2012. + mises \u00e0 jour<\/li>\n<li style=\"text-align: justify;\">Code du travail \u00ab Conception des lieux de travail \u00bb de R.4211-1 \u00e0 R.4217-2 et \u00abUtilisation des lieux de travail \u00bb de R.4221-1 \u00e0 R.4228-37 concernant les \u00e9tablissements recevant des travailleurs (ERT).<\/li>\n<li style=\"text-align: justify;\">Arr\u00eat\u00e9 du 31 janvier 1986 relatif \u00e0 la protection contre l&rsquo;incendie des b\u00e2timents d&rsquo;habitation.<\/li>\n<li style=\"text-align: justify;\">Synth\u00e8se des r\u00e9glementations concernant l&rsquo;accessibilit\u00e9 des Personnes \u00e0 Mobilit\u00e9 R\u00e9duite (PMR).<\/li>\n<li style=\"text-align: justify;\">Documentations constructeurs.<\/li>\n<\/ul>\n","protected":false},"excerpt":{"rendered":"<p>Le r\u00f4le du Bureau d\u2019\u00c9tudes Techniques en assistance aux entreprises : Les entreprises ex\u00e9cutantes r\u00e9pondent \u00e0 des appels d&rsquo;offres en proposant un devis accompagn\u00e9 d&rsquo;un m\u00e9moire technique pr\u00e9cisant le mat\u00e9riel pr\u00e9vu, les variantes propos\u00e9es, les moyens mat\u00e9riels et humains qui seront mis en \u0153uvre ainsi qu&rsquo;un d\u00e9lai pour l\u2019ex\u00e9cution des travaux. Ensuite ils doivent r\u00e9aliser [&hellip;]<\/p>\n","protected":false},"author":1,"featured_media":0,"parent":0,"menu_order":0,"comment_status":"closed","ping_status":"closed","template":"","meta":{"footnotes":""},"class_list":["post-19","page","type-page","status-publish","hentry"],"_links":{"self":[{"href":"https:\/\/bet-reel.fr\/index.php?rest_route=\/wp\/v2\/pages\/19","targetHints":{"allow":["GET"]}}],"collection":[{"href":"https:\/\/bet-reel.fr\/index.php?rest_route=\/wp\/v2\/pages"}],"about":[{"href":"https:\/\/bet-reel.fr\/index.php?rest_route=\/wp\/v2\/types\/page"}],"author":[{"embeddable":true,"href":"https:\/\/bet-reel.fr\/index.php?rest_route=\/wp\/v2\/users\/1"}],"replies":[{"embeddable":true,"href":"https:\/\/bet-reel.fr\/index.php?rest_route=%2Fwp%2Fv2%2Fcomments&post=19"}],"version-history":[{"count":12,"href":"https:\/\/bet-reel.fr\/index.php?rest_route=\/wp\/v2\/pages\/19\/revisions"}],"predecessor-version":[{"id":560,"href":"https:\/\/bet-reel.fr\/index.php?rest_route=\/wp\/v2\/pages\/19\/revisions\/560"}],"wp:attachment":[{"href":"https:\/\/bet-reel.fr\/index.php?rest_route=%2Fwp%2Fv2%2Fmedia&parent=19"}],"curies":[{"name":"wp","href":"https:\/\/api.w.org\/{rel}","templated":true}]}}