{"id":2,"date":"2014-05-11T17:09:09","date_gmt":"2014-05-11T17:09:09","guid":{"rendered":"http:\/\/bet-reel.fr\/?page_id=2"},"modified":"2015-02-26T13:04:40","modified_gmt":"2015-02-26T13:04:40","slug":"accueil","status":"publish","type":"page","link":"https:\/\/bet-reel.fr\/","title":{"rendered":"ACCUEIL"},"content":{"rendered":"<p style=\"text-align: justify;\">L&rsquo;activit\u00e9 du BET REEL consiste \u00e0 r\u00e9aliser des \u00e9tudes techniques sp\u00e9cialis\u00e9es en \u00c9lectricit\u00e9 courants forts et courants faibles dans le respect des co\u00fbts, des d\u00e9lais, des normes &amp; r\u00e9glementations en vigueur (notamment SSI et PMR) et des attentes du Ma\u00eetre d\u2019Ouvrage.<\/p>\n<p style=\"text-align: justify;\">\u00a0<span style=\"text-decoration: underline; color: #ff9900;\"><strong>Les \u00e9tudes propos\u00e9es :<\/strong><\/span><\/p>\n<div>\n<p style=\"text-align: left;\">\u00a0 \u00a0\u00a0\u00a0 \u00a0 \u00a0 Les <a title=\"\u00c9TUDES DE CONCEPTION\" href=\"https:\/\/bet-reel.fr\/?page_id=17\">\u00e9tudes de Ma\u00eetrise d\u2019\u0153uvre<\/a> (conception)\u00a0 \u00a0\u00a0\u00a0\u00a0\u00a0\u00a0\u00a0 Les <a title=\"\u00c9TUDES D\u2019EX\u00c9CUTION\" href=\"https:\/\/bet-reel.fr\/?page_id=19\">\u00e9tudes d&rsquo;ex\u00e9cution<\/a> (EXE)<\/p>\n<p style=\"text-align: justify;\"><span style=\"text-decoration: underline; color: #ff9900;\"><strong>Le domaine d&rsquo;activit\u00e9 :<\/strong><\/span><\/p>\n<p style=\"text-align: justify;\">Ces \u00e9tudes concernent les logements individuels et collectifs, les \u00c9tablissements Recevant des Travailleurs (ERT) et les \u00c9tablissements Recevant du Public (ERP), pour le neuf comme pour la r\u00e9novation et s\u2019\u00e9tendent \u00e0 tous les stades du projet, de la conception \u00e0 la r\u00e9ception de chantier en passant par le suivi de l\u2019ex\u00e9cution.<\/p>\n<\/div>\n","protected":false},"excerpt":{"rendered":"<p>L&rsquo;activit\u00e9 du BET REEL consiste \u00e0 r\u00e9aliser des \u00e9tudes techniques sp\u00e9cialis\u00e9es en \u00c9lectricit\u00e9 courants forts et courants faibles dans le respect des co\u00fbts, des d\u00e9lais, des normes &amp; r\u00e9glementations en vigueur (notamment SSI et PMR) et des attentes du Ma\u00eetre d\u2019Ouvrage. \u00a0Les \u00e9tudes propos\u00e9es : \u00a0 \u00a0\u00a0\u00a0 \u00a0 \u00a0 Les \u00e9tudes de Ma\u00eetrise d\u2019\u0153uvre (conception)\u00a0 [&hellip;]<\/p>\n","protected":false},"author":1,"featured_media":0,"parent":0,"menu_order":0,"comment_status":"closed","ping_status":"closed","template":"","meta":{"footnotes":""},"class_list":["post-2","page","type-page","status-publish","hentry"],"_links":{"self":[{"href":"https:\/\/bet-reel.fr\/index.php?rest_route=\/wp\/v2\/pages\/2","targetHints":{"allow":["GET"]}}],"collection":[{"href":"https:\/\/bet-reel.fr\/index.php?rest_route=\/wp\/v2\/pages"}],"about":[{"href":"https:\/\/bet-reel.fr\/index.php?rest_route=\/wp\/v2\/types\/page"}],"author":[{"embeddable":true,"href":"https:\/\/bet-reel.fr\/index.php?rest_route=\/wp\/v2\/users\/1"}],"replies":[{"embeddable":true,"href":"https:\/\/bet-reel.fr\/index.php?rest_route=%2Fwp%2Fv2%2Fcomments&post=2"}],"version-history":[{"count":32,"href":"https:\/\/bet-reel.fr\/index.php?rest_route=\/wp\/v2\/pages\/2\/revisions"}],"predecessor-version":[{"id":437,"href":"https:\/\/bet-reel.fr\/index.php?rest_route=\/wp\/v2\/pages\/2\/revisions\/437"}],"wp:attachment":[{"href":"https:\/\/bet-reel.fr\/index.php?rest_route=%2Fwp%2Fv2%2Fmedia&parent=2"}],"curies":[{"name":"wp","href":"https:\/\/api.w.org\/{rel}","templated":true}]}}