{"id":25,"date":"2014-05-11T19:46:45","date_gmt":"2014-05-11T19:46:45","guid":{"rendered":"http:\/\/bet-reel.fr\/?page_id=25"},"modified":"2014-10-19T10:00:25","modified_gmt":"2014-10-19T10:00:25","slug":"courant-fort","status":"publish","type":"page","link":"https:\/\/bet-reel.fr\/?page_id=25","title":{"rendered":"COURANTS FORTS"},"content":{"rendered":"<p><span style=\"text-decoration: underline; color: #ff9900;\"><strong>\u00c9LECTRICIT\u00c9 COURANTS FORTS (Liste non exhaustive) :<\/strong><\/span><\/p>\n<ul>\n<li>L\u2019Installation de chantier ;<\/li>\n<li>La Mise \u00e0 la Terre ;<\/li>\n<li>Le Raccordement au r\u00e9seau \u00e9lectrique ;<\/li>\n<li>Colonnes montantes ;<\/li>\n<li>Le Groupe \u00c9lectrog\u00e8ne ;<\/li>\n<li>Les Armoires \u00c9lectriques ;<\/li>\n<li>Le Paratonnerre ;<\/li>\n<li>Le parafoudre ;<\/li>\n<li>Les Compteurs d\u2019\u00c9nergie ;<\/li>\n<li>L\u2019Onduleur ;<\/li>\n<li>Les Distributions principale et secondaire ;<\/li>\n<li>L\u2019Appareillage ;<\/li>\n<li>Les Bornes de Recharges de V\u00e9hicules \u00c9lectriques ;<\/li>\n<li>Les Luminaires Int\u00e9rieurs &amp; Ext\u00e9rieurs ;<\/li>\n<li>Le Chauffage \u00c9lectrique ;<\/li>\n<li>L\u2019\u00c9clairage de S\u00e9curit\u00e9 ;<\/li>\n<li>L\u2019\u00c9quipement d\u2019Alarme Incendie \/ Le Syst\u00e8me de S\u00e9curit\u00e9 Incendie ;<\/li>\n<li>Le D\u00e9senfumage.<\/li>\n<\/ul>\n","protected":false},"excerpt":{"rendered":"<p>\u00c9LECTRICIT\u00c9 COURANTS FORTS (Liste non exhaustive) : L\u2019Installation de chantier ; La Mise \u00e0 la Terre ; Le Raccordement au r\u00e9seau \u00e9lectrique ; Colonnes montantes ; Le Groupe \u00c9lectrog\u00e8ne ; Les Armoires \u00c9lectriques ; Le Paratonnerre ; Le parafoudre ; Les Compteurs d\u2019\u00c9nergie ; L\u2019Onduleur ; Les Distributions principale et secondaire ; L\u2019Appareillage ; Les [&hellip;]<\/p>\n","protected":false},"author":1,"featured_media":0,"parent":0,"menu_order":0,"comment_status":"closed","ping_status":"closed","template":"","meta":{"footnotes":""},"class_list":["post-25","page","type-page","status-publish","hentry"],"_links":{"self":[{"href":"https:\/\/bet-reel.fr\/index.php?rest_route=\/wp\/v2\/pages\/25","targetHints":{"allow":["GET"]}}],"collection":[{"href":"https:\/\/bet-reel.fr\/index.php?rest_route=\/wp\/v2\/pages"}],"about":[{"href":"https:\/\/bet-reel.fr\/index.php?rest_route=\/wp\/v2\/types\/page"}],"author":[{"embeddable":true,"href":"https:\/\/bet-reel.fr\/index.php?rest_route=\/wp\/v2\/users\/1"}],"replies":[{"embeddable":true,"href":"https:\/\/bet-reel.fr\/index.php?rest_route=%2Fwp%2Fv2%2Fcomments&post=25"}],"version-history":[{"count":4,"href":"https:\/\/bet-reel.fr\/index.php?rest_route=\/wp\/v2\/pages\/25\/revisions"}],"predecessor-version":[{"id":419,"href":"https:\/\/bet-reel.fr\/index.php?rest_route=\/wp\/v2\/pages\/25\/revisions\/419"}],"wp:attachment":[{"href":"https:\/\/bet-reel.fr\/index.php?rest_route=%2Fwp%2Fv2%2Fmedia&parent=25"}],"curies":[{"name":"wp","href":"https:\/\/api.w.org\/{rel}","templated":true}]}}