{"id":32,"date":"2014-05-11T20:08:55","date_gmt":"2014-05-11T20:08:55","guid":{"rendered":"http:\/\/bet-reel.fr\/?page_id=32"},"modified":"2023-11-08T18:02:49","modified_gmt":"2023-11-08T17:02:49","slug":"references","status":"publish","type":"page","link":"https:\/\/bet-reel.fr\/?page_id=32","title":{"rendered":"REFERENCES"},"content":{"rendered":"<p>Les r\u00e9f\u00e9rences cit\u00e9es sont tir\u00e9es de mes exp\u00e9riences professionnelles depuis le d\u00e9marrage de mon activit\u00e9 en ind\u00e9pendant, mais aussi en tant que salari\u00e9 en bureau d&rsquo;\u00e9tudes et en entreprise g\u00e9n\u00e9rale d&rsquo;\u00e9lectricit\u00e9.<\/p>\n<p style=\"text-align: justify;\"><span style=\"text-decoration: underline; color: #ff9900;\"><strong>De <span style=\"color: #ff9900; text-decoration: underline;\">2004<\/span> \u00e0 2008 :<\/strong><\/span> Charg\u00e9 d\u2019\u00c9tudes G\u00e9nie \u00c9lectrique pour le Bureau d\u2019\u00c9tudes Techniques Fluides A.C.T.I.F. \u00e0 Limoges (87).<\/p>\n<p style=\"text-align: justify;\"><span style=\"text-decoration: underline; color: #ff9900;\"><strong>De 2008 \u00e0 2014\u00a0:<\/strong><\/span> Charg\u00e9 d\u2019\u00c9tudes de prix et d\u2019ex\u00e9cution pour la soci\u00e9t\u00e9 E.T.E.G. Entreprise de Travaux d\u2019\u00c9lectricit\u00e9 G\u00e9n\u00e9rale \u00e0 Toulouges (66).<\/p>\n<p style=\"text-align: justify;\"><span style=\"text-decoration: underline; color: #ff9900;\"><strong>Depuis 2014 :<\/strong><\/span> Charg\u00e9 d&rsquo;\u00e9tudes \u00e9lectricit\u00e9, en profession lib\u00e9rale, BET REEL (66).<\/p>\n<hr \/>\n<p style=\"text-align: justify;\"><span style=\"color: #f29400;\"><a style=\"color: #f29400;\" href=\"https:\/\/bet-reel.fr\/?page_id=88\">Culturels &#8211; ERP type L et S<\/a><\/span><\/p>\n<p style=\"text-align: justify;\"><span style=\"color: #f29400;\"><a style=\"color: #f29400;\" href=\"https:\/\/bet-reel.fr\/?page_id=65\">Magasins &#8211; ERP type M<\/a><\/span><\/p>\n<p style=\"text-align: justify;\"><span style=\"color: #ff9900;\"> <a style=\"color: #ff9900;\" href=\"https:\/\/bet-reel.fr\/?page_id=67\">Restaurants &#8211; ERP type N<\/a><\/span><\/p>\n<p style=\"text-align: justify;\"><span style=\"color: #ff9900;\"><a style=\"color: #ff9900;\" href=\"https:\/\/bet-reel.fr\/?page_id=61\">H\u00f4tels &#8211; ERP type O<\/a><\/span><\/p>\n<p style=\"text-align: justify;\"><span style=\"color: #ff9900;\"><a style=\"color: #ff9900;\" href=\"https:\/\/bet-reel.fr\/?page_id=56\">Scolaires &#8211; ERP type R<\/a><\/span><\/p>\n<p><span style=\"color: #f29400;\"><a style=\"color: #f29400;\" href=\"https:\/\/bet-reel.fr\/?page_id=769\">Salles d&rsquo;expositions (Concessions Automobiles) &#8211; ERP type T<\/a><\/span><\/p>\n<p style=\"text-align: justify;\"><span style=\"color: #f29400;\"> <a style=\"color: #f29400;\" href=\"https:\/\/bet-reel.fr\/?page_id=88\">Lieux de Cultes &#8211; ERP type V<\/a><\/span><\/p>\n<p style=\"text-align: justify;\"><span style=\"color: #ff9900;\"><a style=\"color: #ff9900;\" href=\"https:\/\/bet-reel.fr\/?page_id=52\">Sant\u00e9 &#8211; ERP type J et U<\/a><\/span><\/p>\n<p style=\"text-align: justify;\"><span style=\"color: #f29400;\"> <a style=\"color: #f29400;\" href=\"https:\/\/bet-reel.fr\/?page_id=63\">Bureaux &#8211; ERP type W<\/a><\/span><\/p>\n<p style=\"text-align: justify;\"><span style=\"color: #f29400;\"> <a style=\"color: #f29400;\" href=\"https:\/\/bet-reel.fr\/?page_id=58\">Sports &#8211; ERP type X<\/a><\/span><\/p>\n<p><span style=\"color: #f29400;\"><a style=\"color: #f29400;\" href=\"https:\/\/bet-reel.fr\/?page_id=464\">ERP <span style=\"color: #f29400;\">Sp\u00e9ciaux et IOP<\/span><\/a><\/span><\/p>\n<p><span style=\"color: #f29400;\"><a style=\"color: #f29400;\" href=\"https:\/\/bet-reel.fr\/?page_id=69\">Etablissements Recevant des Travailleurs<\/a><\/span><\/p>\n<p><span style=\"color: #f29400;\"><a style=\"color: #f29400;\" href=\"https:\/\/bet-reel.fr\/?page_id=71\">Logements<\/a><\/span><\/p>\n","protected":false},"excerpt":{"rendered":"<p>Les r\u00e9f\u00e9rences cit\u00e9es sont tir\u00e9es de mes exp\u00e9riences professionnelles depuis le d\u00e9marrage de mon activit\u00e9 en ind\u00e9pendant, mais aussi en tant que salari\u00e9 en bureau d&rsquo;\u00e9tudes et en entreprise g\u00e9n\u00e9rale d&rsquo;\u00e9lectricit\u00e9. De 2004 \u00e0 2008 : Charg\u00e9 d\u2019\u00c9tudes G\u00e9nie \u00c9lectrique pour le Bureau d\u2019\u00c9tudes Techniques Fluides A.C.T.I.F. \u00e0 Limoges (87). De 2008 \u00e0 2014\u00a0: Charg\u00e9 [&hellip;]<\/p>\n","protected":false},"author":1,"featured_media":0,"parent":0,"menu_order":0,"comment_status":"closed","ping_status":"closed","template":"","meta":{"footnotes":""},"class_list":["post-32","page","type-page","status-publish","hentry"],"_links":{"self":[{"href":"https:\/\/bet-reel.fr\/index.php?rest_route=\/wp\/v2\/pages\/32","targetHints":{"allow":["GET"]}}],"collection":[{"href":"https:\/\/bet-reel.fr\/index.php?rest_route=\/wp\/v2\/pages"}],"about":[{"href":"https:\/\/bet-reel.fr\/index.php?rest_route=\/wp\/v2\/types\/page"}],"author":[{"embeddable":true,"href":"https:\/\/bet-reel.fr\/index.php?rest_route=\/wp\/v2\/users\/1"}],"replies":[{"embeddable":true,"href":"https:\/\/bet-reel.fr\/index.php?rest_route=%2Fwp%2Fv2%2Fcomments&post=32"}],"version-history":[{"count":34,"href":"https:\/\/bet-reel.fr\/index.php?rest_route=\/wp\/v2\/pages\/32\/revisions"}],"predecessor-version":[{"id":776,"href":"https:\/\/bet-reel.fr\/index.php?rest_route=\/wp\/v2\/pages\/32\/revisions\/776"}],"wp:attachment":[{"href":"https:\/\/bet-reel.fr\/index.php?rest_route=%2Fwp%2Fv2%2Fmedia&parent=32"}],"curies":[{"name":"wp","href":"https:\/\/api.w.org\/{rel}","templated":true}]}}