{"id":52,"date":"2014-05-11T21:38:54","date_gmt":"2014-05-11T21:38:54","guid":{"rendered":"http:\/\/bet-reel.fr\/?page_id=52"},"modified":"2023-11-08T18:43:39","modified_gmt":"2023-11-08T17:43:39","slug":"etablissements-de-sante-erp-type-j-erp-type-u","status":"publish","type":"page","link":"https:\/\/bet-reel.fr\/?page_id=52","title":{"rendered":"SANT\u00c9 &#8211; ERP type J &#038; type U"},"content":{"rendered":"<hr \/>\n<hr \/>\n<p><strong><span style=\"text-decoration: underline; color: #f29400;\">\u00c9TUDES DE MAITRISE D\u2019\u0152UVRE (EN IND\u00c9PENDANT : BET REEL)<\/span><\/strong><\/p>\n<hr \/>\n<p><strong>R\u00e9novation d&rsquo;un b\u00e2timent en Maison de Sant\u00e9, \u00e0 St Laurent de Cerdans (66)<\/strong><\/p>\n<p>Classement : type PU<\/p>\n<p>Ma\u00eetre d\u2019ouvrage\u00a0:<\/p>\n<p>Communauut\u00e9 de Communes du Haut-Vallespir (66)<\/p>\n<p>Architecte : Manuel Grau<\/p>\n<p>Ann\u00e9e : Livraison 2021<\/p>\n<p>Mission du BET : Lot ELECTRICITE Courants Forts et faibles<\/p>\n<p>Montant estimatif Tous Corps d\u2019Etat :\u00a0 310 000\u20ac H.T.<\/p>\n<hr \/>\n<hr \/>\n","protected":false},"excerpt":{"rendered":"<p>\u00c9TUDES DE MAITRISE D\u2019\u0152UVRE (EN IND\u00c9PENDANT : BET REEL) R\u00e9novation d&rsquo;un b\u00e2timent en Maison de Sant\u00e9, \u00e0 St Laurent de Cerdans (66) Classement : type PU Ma\u00eetre d\u2019ouvrage\u00a0: Communauut\u00e9 de Communes du Haut-Vallespir (66) Architecte : Manuel Grau Ann\u00e9e : Livraison 2021 Mission du BET : Lot ELECTRICITE Courants Forts et faibles Montant estimatif Tous [&hellip;]<\/p>\n","protected":false},"author":1,"featured_media":0,"parent":0,"menu_order":0,"comment_status":"closed","ping_status":"closed","template":"","meta":{"footnotes":""},"class_list":["post-52","page","type-page","status-publish","hentry"],"_links":{"self":[{"href":"https:\/\/bet-reel.fr\/index.php?rest_route=\/wp\/v2\/pages\/52","targetHints":{"allow":["GET"]}}],"collection":[{"href":"https:\/\/bet-reel.fr\/index.php?rest_route=\/wp\/v2\/pages"}],"about":[{"href":"https:\/\/bet-reel.fr\/index.php?rest_route=\/wp\/v2\/types\/page"}],"author":[{"embeddable":true,"href":"https:\/\/bet-reel.fr\/index.php?rest_route=\/wp\/v2\/users\/1"}],"replies":[{"embeddable":true,"href":"https:\/\/bet-reel.fr\/index.php?rest_route=%2Fwp%2Fv2%2Fcomments&post=52"}],"version-history":[{"count":50,"href":"https:\/\/bet-reel.fr\/index.php?rest_route=\/wp\/v2\/pages\/52\/revisions"}],"predecessor-version":[{"id":782,"href":"https:\/\/bet-reel.fr\/index.php?rest_route=\/wp\/v2\/pages\/52\/revisions\/782"}],"wp:attachment":[{"href":"https:\/\/bet-reel.fr\/index.php?rest_route=%2Fwp%2Fv2%2Fmedia&parent=52"}],"curies":[{"name":"wp","href":"https:\/\/api.w.org\/{rel}","templated":true}]}}