{"id":63,"date":"2014-05-11T20:48:53","date_gmt":"2014-05-11T20:48:53","guid":{"rendered":"http:\/\/bet-reel.fr\/?page_id=63"},"modified":"2023-11-08T18:40:39","modified_gmt":"2023-11-08T17:40:39","slug":"etablissements-de-bureaux_erp-type-w","status":"publish","type":"page","link":"https:\/\/bet-reel.fr\/?page_id=63","title":{"rendered":"BUREAUX &#8211; ERP type W"},"content":{"rendered":"<hr \/>\n<hr \/>\n<p><strong><span style=\"text-decoration: underline; color: #f29400;\">\u00c9TUDES DE MAITRISE D\u2019\u0152UVRE\u00a0 (EN IND\u00c9PENDANT : BET REEL)<br \/>\n<\/span><\/strong><\/p>\n<hr \/>\n<p><strong>Construction d\u2019une Maison Sociale de Proximit\u00e9, \u00e0 Argel\u00e8s-sur-Mer (66)<\/strong><\/p>\n<p style=\"text-align: justify;\">\u00a0\u00a0\u00a0\u00a0\u00a0\u00a0\u00a0\u00a0\u00a0\u00a0\u00a0 <span style=\"text-decoration: underline;\">Classement :<\/span> ERP type W 5\u00e8me cat\u00e9gorie (avec SSI cat\u00e9gorie A)<\/p>\n<p style=\"text-align: justify;\">\u00a0\u00a0\u00a0\u00a0\u00a0\u00a0\u00a0\u00a0\u00a0\u00a0\u00a0 <span style=\"text-decoration: underline;\">Ma\u00eetres d&rsquo;ouvrage :<\/span><\/p>\n<p style=\"text-align: justify;\">\u00a0\u00a0\u00a0\u00a0\u00a0\u00a0\u00a0\u00a0\u00a0\u00a0\u00a0 D\u00e9partement des PO (66) et Office66<\/p>\n<p style=\"text-align: justify;\">\u00a0\u00a0\u00a0 \u00a0 \u00a0\u00a0\u00a0\u00a0\u00a0 <span style=\"text-decoration: underline;\">Architecte :<\/span><\/p>\n<p style=\"text-align: justify;\">\u00a0\u00a0\u00a0 \u00a0 \u00a0\u00a0\u00a0\u00a0\u00a0 Atelier d&rsquo;Architecture Jacques Outier<\/p>\n<p style=\"text-align: justify;\">\u00a0\u00a0\u00a0\u00a0\u00a0\u00a0\u00a0\u00a0\u00a0\u00a0\u00a0 <span style=\"text-decoration: underline;\">Ann\u00e9e\u00a0:<\/span> DCE mars 2021, Livraison Ao\u00fbt 2023<\/p>\n<p style=\"text-align: justify;\">\u00a0\u00a0\u00a0\u00a0\u00a0\u00a0\u00a0\u00a0\u00a0\u00a0\u00a0 <span style=\"text-decoration: underline;\">Mission du BET :<\/span><\/p>\n<p style=\"text-align: justify;\">\u00a0\u00a0\u00a0\u00a0\u00a0\u00a0\u00a0\u00a0\u00a0\u00a0\u00a0 Lot ELECTRICITE Courants Forts et faibles<span style=\"text-decoration: underline;\"><br \/>\n<\/span><\/p>\n<p style=\"text-align: justify;\">\u00a0\u00a0\u00a0\u00a0\u00a0\u00a0\u00a0\u00a0\u00a0\u00a0\u00a0 <span style=\"text-decoration: underline;\">Montant des Travaux<\/span> :<\/p>\n<p style=\"text-align: justify;\">\u00a0\u00a0\u00a0\u00a0\u00a0\u00a0\u00a0\u00a0\u00a0\u00a0\u00a0 Lot \u00e9lectricit\u00e9 :\u00a0\u00a0\u00a0\u00a0\u00a0\u00a0\u00a0\u00a0\u00a0\u00a0\u00a0\u00a0\u00a0 \u20acH.T.\u00a0 \/\u00a0 Tous Corps d\u2019Etat :\u00a0 3 151 000 \u20ac H.T.<\/p>\n<hr \/>\n<p><strong>Construction d&rsquo;un H\u00f4tel d&rsquo;incubation d&rsquo;entreprises, \u00e0 l&rsquo;UPVD de Perpignan (66)<\/strong><\/p>\n<p style=\"text-align: justify;\">\u00a0\u00a0\u00a0\u00a0\u00a0\u00a0\u00a0\u00a0\u00a0\u00a0\u00a0 <span style=\"text-decoration: underline;\">Classement :<\/span> ERP type W, L et Y, 4\u00e8me cat\u00e9gorie<img loading=\"lazy\" decoding=\"async\" class=\"alignright wp-image-566 size-medium\" src=\"https:\/\/bet-reel.fr\/wp-content\/uploads\/2014\/05\/Hotel-incubation-UPVD-300x212.jpeg\" alt=\"Hotel incubation UPVD\" width=\"300\" height=\"212\" srcset=\"https:\/\/bet-reel.fr\/wp-content\/uploads\/2014\/05\/Hotel-incubation-UPVD-300x212.jpeg 300w, https:\/\/bet-reel.fr\/wp-content\/uploads\/2014\/05\/Hotel-incubation-UPVD.jpeg 543w\" sizes=\"auto, (max-width: 300px) 100vw, 300px\" \/><\/p>\n<p style=\"text-align: justify;\">\u00a0\u00a0\u00a0\u00a0\u00a0\u00a0\u00a0\u00a0\u00a0\u00a0\u00a0 <span style=\"text-decoration: underline;\">Ma\u00eetre d&rsquo;ouvrage\u00a0:<\/span><\/p>\n<p style=\"text-align: justify;\">\u00a0\u00a0\u00a0\u00a0\u00a0\u00a0\u00a0\u00a0\u00a0\u00a0\u00a0 Universit\u00e9 de Perpignan Via Domitia (66)<\/p>\n<p style=\"text-align: justify;\">\u00a0\u00a0\u00a0 \u00a0 \u00a0\u00a0\u00a0\u00a0\u00a0 <span style=\"text-decoration: underline;\">Architecte :<\/span><\/p>\n<p style=\"text-align: justify;\">\u00a0\u00a0\u00a0 \u00a0 \u00a0\u00a0\u00a0\u00a0\u00a0 Atelier d&rsquo;Architecture Jacques Outier<\/p>\n<p style=\"text-align: justify;\">\u00a0\u00a0\u00a0\u00a0\u00a0\u00a0\u00a0\u00a0\u00a0\u00a0\u00a0 <span style=\"text-decoration: underline;\">Ann\u00e9e\u00a0:<\/span> DCE juin 2016, livraion avril 2018<\/p>\n<p style=\"text-align: justify;\">\u00a0\u00a0\u00a0\u00a0\u00a0\u00a0\u00a0\u00a0\u00a0\u00a0\u00a0 <span style=\"text-decoration: underline;\">Mission du BET :<\/span> Lot ELECTRICITE Courants Forts et faibles<span style=\"text-decoration: underline;\"><br \/>\n<\/span><\/p>\n<p style=\"text-align: justify;\">\u00a0\u00a0\u00a0\u00a0\u00a0\u00a0\u00a0\u00a0\u00a0\u00a0\u00a0 <span style=\"text-decoration: underline;\">Montant\u00a0estimatif des Travaux<\/span> :<\/p>\n<p style=\"text-align: justify;\">\u00a0\u00a0\u00a0\u00a0\u00a0\u00a0\u00a0\u00a0\u00a0\u00a0\u00a0 Lot \u00e9lectricit\u00e9 : \u00a0 \u00a0 \u00a0 \u00a0 \u00a0 \u00a0 \u00a0 \u20acH.T.\u00a0 \/\u00a0 Tous Corps d\u2019Etat :\u00a0\u00a0\u00a0\u00a0\u00a0\u00a0\u00a0\u00a0\u00a0\u00a0\u00a0\u00a0\u00a0 \u20ac H.T.<\/p>\n<hr \/>\n<p><strong>R\u00e9novation, mise en conformit\u00e9 \u00e9lectrique et accessibilit\u00e9 du Site du Mas Roussillon, \u00e0 Canet-en-Roussillon\u00a0 (66)<\/strong><\/p>\n<p style=\"text-align: justify;\">\u00a0\u00a0\u00a0\u00a0\u00a0\u00a0\u00a0\u00a0\u00a0\u00a0\u00a0 <span style=\"text-decoration: underline;\">Classement :<\/span> type W, 5\u00e8me cat\u00e9gorie<\/p>\n<p style=\"text-align: justify;\">\u00a0\u00a0\u00a0\u00a0\u00a0\u00a0\u00a0\u00a0\u00a0\u00a0\u00a0 <span style=\"text-decoration: underline;\">Ma\u00eetre d&rsquo;ouvrage\u00a0:<\/span><\/p>\n<p style=\"text-align: justify;\">\u00a0\u00a0\u00a0 \u00a0 \u00a0\u00a0\u00a0\u00a0\u00a0 Commune de Canet en Roussillon (66)<\/p>\n<p style=\"text-align: justify;\">\u00a0\u00a0\u00a0\u00a0\u00a0\u00a0\u00a0 \u00a0 \u00a0 <span style=\"text-decoration: underline;\">Architecte :<\/span> Maxime Querol, Archi2<\/p>\n<p style=\"text-align: justify;\">\u00a0\u00a0\u00a0\u00a0\u00a0\u00a0\u00a0\u00a0\u00a0\u00a0\u00a0 <span style=\"text-decoration: underline;\">Mission du BET ELECTRICITE :<\/span><\/p>\n<p style=\"text-align: justify;\">\u00a0\u00a0\u00a0 \u00a0 \u00a0\u00a0\u00a0\u00a0\u00a0 Loi MOP avec VISA<\/p>\n<p style=\"text-align: justify;\">\u00a0\u00a0\u00a0\u00a0\u00a0\u00a0\u00a0\u00a0\u00a0\u00a0\u00a0 Ann\u00e9e : 1\u00e8re phase livr\u00e9e en 2021, 2\u00e8me phase livr\u00e9e en septembre 2022, 3\u00e8me phase en cours (2023)<sup><br \/>\n<\/sup><\/p>\n<hr \/>\n<p><strong>R\u00e9habilitation du Palais de Justice en Mairie, \u00e0 Prades (66)<\/strong><\/p>\n<p>Classement : type W, 5\u00e8me cat\u00e9gorie<\/p>\n<p>Ma\u00eetre d&rsquo;ouvrage\u00a0:<\/p>\n<p>Commune de Prades(66)<\/p>\n<p>Architecte : Manuel Branco<\/p>\n<p>Mission du BET ELECTRICITE :<\/p>\n<p>Loi MOP avec VISA<\/p>\n<p>Ann\u00e9e : livraison pr\u00e9vue en 2023<\/p>\n<hr \/>\n<p><strong>R\u00e9am\u00e9nagement du Hall d\u2019entr\u00e9e et bureaux de la Mairie de Bages (66)<img loading=\"lazy\" decoding=\"async\" class=\"alignright wp-image-497 size-medium\" src=\"https:\/\/bet-reel.fr\/wp-content\/uploads\/2014\/05\/Mairie-Bages-300x292.png\" alt=\"Mairie Bages\" width=\"300\" height=\"292\" srcset=\"https:\/\/bet-reel.fr\/wp-content\/uploads\/2014\/05\/Mairie-Bages-300x292.png 300w, https:\/\/bet-reel.fr\/wp-content\/uploads\/2014\/05\/Mairie-Bages.png 768w\" sizes=\"auto, (max-width: 300px) 100vw, 300px\" \/><\/strong><\/p>\n<p>Classement : type W, 5\u00e8me cat\u00e9gorie<\/p>\n<p>Ma\u00eetre d&rsquo;ouvrage\u00a0:<\/p>\n<p>Commune de Bages (66)<\/p>\n<p>Architecte : Maxime Querol, Archi2<\/p>\n<p>c<\/p>\n<p>Mission du BET ELECTRICITE :<\/p>\n<p>Loi MOP avec VISA<\/p>\n<p>Montant des Travaux du Lot \u00e9lectricit\u00e9 :\u00a0 29 000 \u20acH.T.<\/p>\n<p>Montant estimatif Tous Corps d\u2019Etat : 202 000 \u20ac H.T.<\/p>\n<hr \/>\n<p><strong>R\u00e9am\u00e9nagement de Bureaux pour l\u2019ADPEP, \u00e0 Perpignan (66)<\/strong><\/p>\n<p>Ma\u00eetre d&rsquo;ouvrage\u00a0:<\/p>\n<p>ADPEP (66)<\/p>\n<p>Architecte : Didier Monetti<\/p>\n<p>Mission : BET ELECTRICITE :<\/p>\n<p>Ann\u00e9e : livraison 2021<sup><br \/>\n<\/sup><\/p>\n<p>Montant estim\u00e9 TCE : 1 400 000\u00a0 \u20acH.T.<\/p>\n<hr \/>\n<p><strong>Am\u00e9nagement des Bureaux du site de l\u2019URSSAF \u00e0 Perpi<\/strong><img loading=\"lazy\" decoding=\"async\" class=\"alignright wp-image-690\" src=\"https:\/\/bet-reel.fr\/wp-content\/uploads\/2018\/04\/logo-urssaf.png\" alt=\"\" width=\"86\" height=\"76\" \/><strong>gnan (66)<\/strong><\/p>\n<p style=\"text-align: justify;\"><span style=\"text-decoration: underline;\">Ma\u00eetre d&rsquo;ouvrage :<\/span><\/p>\n<p style=\"text-align: justify;\">URSSAF LANGUEDOC ROUSSILLON<\/p>\n<p style=\"text-align: justify;\"><span style=\"text-decoration: underline;\">Mission du BET ELECTRICITE :<\/span><\/p>\n<p style=\"text-align: justify;\">Loi MOP avec EXE<\/p>\n<p style=\"text-align: justify;\"><span style=\"text-decoration: underline;\">Ann\u00e9e :<\/span><\/p>\n<p style=\"text-align: justify;\">\u00e9tudes 2017, travaux 2017, r\u00e9ception 2018<\/p>\n<hr \/>\n<p><strong>Mise en conformit\u00e9 et en accessibilit\u00e9 de la Mairie de Catllar (66)<\/strong><\/p>\n<p>Ma\u00eetre d&rsquo;Ouvrage\u00a0: Commune de Catllar<\/p>\n<p>Mission du BET ELECTRICITE\u00a0: Loi MOP (en sous-traitance pour le Bureau d\u2019\u00e9tudes CAPSUN \u00e0 Perpignan)<\/p>\n<p>Ann\u00e9e\u00a0: \u00e9tudes 2017, travaux en cours 2017, livraison 2018<\/p>\n<hr \/>\n<p><strong>R\u00e9habilitation d&rsquo;un b\u00e2timent en Police Municipale \u00e0 Collioure (66)<\/strong><\/p>\n<p>Classement : ERP type W 5\u00e8me cat\u00e9gorie et ERT<img loading=\"lazy\" decoding=\"async\" class=\"alignright size-medium wp-image-636\" src=\"https:\/\/bet-reel.fr\/wp-content\/uploads\/2014\/05\/Police-Municipale-de-Collioure-300x232.png\" alt=\"Police Municipale de Collioure\" width=\"300\" height=\"232\" srcset=\"https:\/\/bet-reel.fr\/wp-content\/uploads\/2014\/05\/Police-Municipale-de-Collioure-300x232.png 300w, https:\/\/bet-reel.fr\/wp-content\/uploads\/2014\/05\/Police-Municipale-de-Collioure-768x594.png 768w, https:\/\/bet-reel.fr\/wp-content\/uploads\/2014\/05\/Police-Municipale-de-Collioure-1024x792.png 1024w, https:\/\/bet-reel.fr\/wp-content\/uploads\/2014\/05\/Police-Municipale-de-Collioure-900x696.png 900w, https:\/\/bet-reel.fr\/wp-content\/uploads\/2014\/05\/Police-Municipale-de-Collioure.png 1176w\" sizes=\"auto, (max-width: 300px) 100vw, 300px\" \/><\/p>\n<p>Ma\u00eetre d&rsquo;ouvrage\u00a0:<\/p>\n<p>Commune de Collioure (66)<\/p>\n<p>Architecte :<\/p>\n<p>Karine Mendiboure &#8211; Atelier au Carr\u00e9<\/p>\n<p>Ann\u00e9e\u00a0: 2016<\/p>\n<p>Mission du BET :<\/p>\n<p>Lot ELECTRICITE Courants Forts et faibles<\/p>\n<p>Montant des Travaux :<\/p>\n<p>Lot \u00e9lectricit\u00e9 :\u00a0 23 831 \u20acH.T.\u00a0 \/\u00a0 Tous Corps d\u2019Etat :\u00a0\u00a0\u00a0\u00a0\u00a0\u00a0\u00a0\u00a0\u00a0\u00a0\u00a0\u00a0\u00a0 \u20ac H.T.<\/p>\n<hr \/>\n<hr \/>\n<p style=\"text-align: justify;\"><strong><span style=\"text-decoration: underline; color: #f29400;\">\u00c9TUDES D\u2019EX\u00c9CUTION <span style=\"color: #f29400;\">(EN IND\u00c9PENDANT : BET REEL)<\/span><\/span><\/strong><\/p>\n<hr \/>\n<p><strong>Construction du CSAPA et DSAVS \u00e0 Perpignan (66)<img loading=\"lazy\" decoding=\"async\" class=\"alignright size-medium wp-image-532\" src=\"https:\/\/bet-reel.fr\/wp-content\/uploads\/2014\/05\/CSAPA-300x212.png\" alt=\"CSAPA\" width=\"300\" height=\"212\" srcset=\"https:\/\/bet-reel.fr\/wp-content\/uploads\/2014\/05\/CSAPA-300x212.png 300w, https:\/\/bet-reel.fr\/wp-content\/uploads\/2014\/05\/CSAPA-1024x724.png 1024w, https:\/\/bet-reel.fr\/wp-content\/uploads\/2014\/05\/CSAPA.png 1316w\" sizes=\"auto, (max-width: 300px) 100vw, 300px\" \/><\/strong><\/p>\n<p style=\"text-align: justify;\">\u00a0\u00a0\u00a0\u00a0\u00a0\u00a0\u00a0\u00a0\u00a0\u00a0\u00a0 <span style=\"text-decoration: underline;\">Classement :<\/span> type W, 5\u00e8me cat\u00e9gorie<\/p>\n<p style=\"text-align: justify;\">\u00a0\u00a0\u00a0\u00a0\u00a0\u00a0\u00a0\u00a0\u00a0\u00a0\u00a0 <span style=\"text-decoration: underline;\">Ma\u00eetre d&rsquo;ouvrage\u00a0:<\/span> H\u00f4pital de Thuir<\/p>\n<p style=\"text-align: justify;\">\u00a0\u00a0\u00a0\u00a0\u00a0\u00a0\u00a0\u00a0\u00a0\u00a0\u00a0 <span style=\"text-decoration: underline;\">Ann\u00e9e\u00a0:<\/span> 1er indice rendu en juillet 2014,<\/p>\n<p style=\"text-align: justify;\">\u00a0\u00a0\u00a0\u00a0\u00a0\u00a0\u00a0\u00a0\u00a0\u00a0\u00a0 <span style=\"text-decoration: underline;\">Mission du BET ELECTRICITE :<\/span><\/p>\n<p style=\"text-align: justify;\">\u00a0\u00a0\u00a0\u00a0\u00a0\u00a0\u00a0\u00a0\u00a0\u00a0\u00a0 Mission d\u2019EXE pour le compte de<\/p>\n<p style=\"text-align: justify;\">\u00a0\u00a0\u00a0\u00a0\u00a0\u00a0\u00a0\u00a0\u00a0\u00a0\u00a0 CEGELEC Perpignan<\/p>\n<hr \/>\n<hr \/>\n","protected":false},"excerpt":{"rendered":"<p>\u00c9TUDES DE MAITRISE D\u2019\u0152UVRE\u00a0 (EN IND\u00c9PENDANT : BET REEL) Construction d\u2019une Maison Sociale de Proximit\u00e9, \u00e0 Argel\u00e8s-sur-Mer (66) \u00a0\u00a0\u00a0\u00a0\u00a0\u00a0\u00a0\u00a0\u00a0\u00a0\u00a0 Classement : ERP type W 5\u00e8me cat\u00e9gorie (avec SSI cat\u00e9gorie A) \u00a0\u00a0\u00a0\u00a0\u00a0\u00a0\u00a0\u00a0\u00a0\u00a0\u00a0 Ma\u00eetres d&rsquo;ouvrage : \u00a0\u00a0\u00a0\u00a0\u00a0\u00a0\u00a0\u00a0\u00a0\u00a0\u00a0 D\u00e9partement des PO (66) et Office66 \u00a0\u00a0\u00a0 \u00a0 \u00a0\u00a0\u00a0\u00a0\u00a0 Architecte : \u00a0\u00a0\u00a0 \u00a0 \u00a0\u00a0\u00a0\u00a0\u00a0 Atelier d&rsquo;Architecture Jacques Outier \u00a0\u00a0\u00a0\u00a0\u00a0\u00a0\u00a0\u00a0\u00a0\u00a0\u00a0 Ann\u00e9e\u00a0: [&hellip;]<\/p>\n","protected":false},"author":1,"featured_media":0,"parent":0,"menu_order":0,"comment_status":"closed","ping_status":"closed","template":"","meta":{"footnotes":""},"class_list":["post-63","page","type-page","status-publish","hentry"],"_links":{"self":[{"href":"https:\/\/bet-reel.fr\/index.php?rest_route=\/wp\/v2\/pages\/63","targetHints":{"allow":["GET"]}}],"collection":[{"href":"https:\/\/bet-reel.fr\/index.php?rest_route=\/wp\/v2\/pages"}],"about":[{"href":"https:\/\/bet-reel.fr\/index.php?rest_route=\/wp\/v2\/types\/page"}],"author":[{"embeddable":true,"href":"https:\/\/bet-reel.fr\/index.php?rest_route=\/wp\/v2\/users\/1"}],"replies":[{"embeddable":true,"href":"https:\/\/bet-reel.fr\/index.php?rest_route=%2Fwp%2Fv2%2Fcomments&post=63"}],"version-history":[{"count":49,"href":"https:\/\/bet-reel.fr\/index.php?rest_route=\/wp\/v2\/pages\/63\/revisions"}],"predecessor-version":[{"id":781,"href":"https:\/\/bet-reel.fr\/index.php?rest_route=\/wp\/v2\/pages\/63\/revisions\/781"}],"wp:attachment":[{"href":"https:\/\/bet-reel.fr\/index.php?rest_route=%2Fwp%2Fv2%2Fmedia&parent=63"}],"curies":[{"name":"wp","href":"https:\/\/api.w.org\/{rel}","templated":true}]}}