{"id":67,"date":"2014-05-11T21:38:54","date_gmt":"2014-05-11T21:38:54","guid":{"rendered":"http:\/\/bet-reel.fr\/?page_id=67"},"modified":"2023-11-08T17:18:46","modified_gmt":"2023-11-08T16:18:46","slug":"etablissements-de-restauration-erp-type-n","status":"publish","type":"page","link":"https:\/\/bet-reel.fr\/?page_id=67","title":{"rendered":"RESTAURANTS &#038; CANTINES &#8211; ERP type N"},"content":{"rendered":"<hr \/>\n<hr \/>\n<p><strong><span style=\"text-decoration: underline; color: #f29400;\">\u00c9TUDES DE MAITRISE D\u2019\u0152UVRE\u00a0 (EN IND\u00c9PENDANT : BET REEL)<br \/>\n<\/span><\/strong><\/p>\n<hr \/>\n<p><strong>Construction d&rsquo;une Cantine et de salles d\u2019activit\u00e9s \u00e0 Alenya (66)<\/strong><\/p>\n<p style=\"text-align: justify;\">\u00a0\u00a0\u00a0\u00a0\u00a0\u00a0\u00a0\u00a0\u00a0\u00a0\u00a0 <span style=\"text-decoration: underline;\">Classement :<\/span> type N et R, 3\u00e8me cat\u00e9gorie<\/p>\n<p style=\"text-align: justify;\">\u00a0\u00a0\u00a0\u00a0\u00a0\u00a0\u00a0\u00a0\u00a0\u00a0\u00a0 <span style=\"text-decoration: underline;\">Ma\u00eetre d&rsquo;ouvrage\u00a0:<\/span><\/p>\n<p style=\"text-align: justify;\">\u00a0\u00a0\u00a0 \u00a0 \u00a0\u00a0\u00a0\u00a0\u00a0 Commune d&rsquo;Alenya (66)<\/p>\n<p style=\"text-align: justify;\">\u00a0\u00a0\u00a0\u00a0\u00a0\u00a0\u00a0 \u00a0 \u00a0 <span style=\"text-decoration: underline;\">Architecte :<\/span> Maxime Querol, Archi2<\/p>\n<p style=\"text-align: justify;\">\u00a0\u00a0\u00a0\u00a0\u00a0\u00a0\u00a0\u00a0\u00a0\u00a0\u00a0 <span style=\"text-decoration: underline;\">Ann\u00e9e\u00a0:<\/span> D\u00e9marrage des travaux (f\u00e9vrier 2023)<\/p>\n<p>\u00a0\u00a0\u00a0\u00a0\u00a0\u00a0\u00a0\u00a0\u00a0\u00a0\u00a0 <span style=\"text-decoration: underline;\">Mission du BET :<\/span> Lot ELECTRICITE Courants Forts et faibles<span style=\"text-decoration: underline;\"><br \/>\n<\/span><\/p>\n<p style=\"text-align: justify;\">\u00a0\u00a0\u00a0\u00a0\u00a0\u00a0\u00a0\u00a0\u00a0\u00a0\u00a0 <span style=\"text-decoration: underline;\">Montant des Travaux du Lot \u00e9lectricit\u00e9 :\u00a0<\/span> \u20acH.T.<\/p>\n<p style=\"text-align: justify;\">\u00a0\u00a0\u00a0\u00a0\u00a0\u00a0\u00a0\u00a0\u00a0\u00a0\u00a0 <span style=\"text-decoration: underline;\">Montant estimatif Tous Corps d\u2019Etat :<\/span>\u00a0 2 300 000\u20ac H.T.<\/p>\n<hr \/>\n<p><strong>Construction d&rsquo;une Cantine \u00e0 Villeneuve de la Raho (66)<\/strong><\/p>\n<p>Classement : type N, 5\u00e8me cat\u00e9gorie<\/p>\n<p>Ma\u00eetre d&rsquo;ouvrage\u00a0:<\/p>\n<p>Commune de Villeneuve de la Raho (66)<\/p>\n<p>Architecte : Barth\u00e9l\u00e9my Ruiz<\/p>\n<p>Ann\u00e9e : Livr\u00e9 en 2023<\/p>\n<p>Mission du BET : Lot ELECTRICITE Courants Forts et faibles<\/p>\n<p>Montant des Travaux du Lot \u00e9lectricit\u00e9 :\u00a0 \u20acH.T.<\/p>\n<p>Montant estimatif Tous Corps d\u2019Etat :\u00a0 500 000\u20ac H.T.<\/p>\n<hr \/>\n<p><strong>Construction d&rsquo;une Cantine scolaire \u00e0 Bages (66)<\/strong><\/p>\n<p>Classement : type N, 3\u00e8me cat\u00e9gorie<\/p>\n<p>Ma\u00eetre d&rsquo;ouvrage\u00a0:<img loading=\"lazy\" decoding=\"async\" class=\"alignright size-medium wp-image-634\" src=\"https:\/\/bet-reel.fr\/wp-content\/uploads\/2014\/05\/Cantine-Scolaire-Bages-300x122.png\" alt=\"Cantine Scolaire Bages\" width=\"300\" height=\"122\" srcset=\"https:\/\/bet-reel.fr\/wp-content\/uploads\/2014\/05\/Cantine-Scolaire-Bages-300x122.png 300w, https:\/\/bet-reel.fr\/wp-content\/uploads\/2014\/05\/Cantine-Scolaire-Bages-768x312.png 768w, https:\/\/bet-reel.fr\/wp-content\/uploads\/2014\/05\/Cantine-Scolaire-Bages-1024x416.png 1024w, https:\/\/bet-reel.fr\/wp-content\/uploads\/2014\/05\/Cantine-Scolaire-Bages-900x365.png 900w, https:\/\/bet-reel.fr\/wp-content\/uploads\/2014\/05\/Cantine-Scolaire-Bages.png 1308w\" sizes=\"auto, (max-width: 300px) 100vw, 300px\" \/><\/p>\n<p>Commune de Bages (66)<\/p>\n<p>Architecte : Maxime Querol, Archi2<\/p>\n<p>Ann\u00e9e\u00a0: Etudes en 2016<\/p>\n<p>Mission du BET : Lot ELECTRICITE Courants Forts et faibles<\/p>\n<p>Montant des Travaux du Lot \u00e9lectricit\u00e9 :\u00a0 \u20acH.T.<\/p>\n<p>Montant estimatif Tous Corps d\u2019Etat : \u20ac H.T.<\/p>\n<hr \/>\n<p><strong>R\u00e9novation d&rsquo;un b\u00e2timent en Bistrot de Pays comprenant un espace cantine, \u00e0 OMS (66)<img loading=\"lazy\" decoding=\"async\" class=\"alignright size-medium wp-image-708\" src=\"https:\/\/bet-reel.fr\/wp-content\/uploads\/2018\/04\/Bistrot-de-pays-OMS-300x225.jpg\" alt=\"\" width=\"300\" height=\"225\" srcset=\"https:\/\/bet-reel.fr\/wp-content\/uploads\/2018\/04\/Bistrot-de-pays-OMS-300x225.jpg 300w, https:\/\/bet-reel.fr\/wp-content\/uploads\/2018\/04\/Bistrot-de-pays-OMS-768x576.jpg 768w, https:\/\/bet-reel.fr\/wp-content\/uploads\/2018\/04\/Bistrot-de-pays-OMS-1024x768.jpg 1024w\" sizes=\"auto, (max-width: 300px) 100vw, 300px\" \/><\/strong><\/p>\n<p>Ma\u00eetre d&rsquo;Ouvrage\u00a0:<\/p>\n<p>Communaut\u00e9 de Commune des Aspres<strong><img loading=\"lazy\" decoding=\"async\" class=\"alignright size-thumbnail wp-image-716\" src=\"https:\/\/bet-reel.fr\/wp-content\/uploads\/2018\/04\/CC-Aspres-150x150.png\" alt=\"\" width=\"150\" height=\"150\" \/><\/strong><\/p>\n<p>Mission du BET ELECTRICITE\u00a0:<\/p>\n<p>Loi MOP compl\u00e8te<\/p>\n<p>Ann\u00e9e\u00a0:<\/p>\n<p>DCE rendu en 2018,<\/p>\n<hr \/>\n<hr \/>\n","protected":false},"excerpt":{"rendered":"<p>\u00c9TUDES DE MAITRISE D\u2019\u0152UVRE\u00a0 (EN IND\u00c9PENDANT : BET REEL) Construction d&rsquo;une Cantine et de salles d\u2019activit\u00e9s \u00e0 Alenya (66) \u00a0\u00a0\u00a0\u00a0\u00a0\u00a0\u00a0\u00a0\u00a0\u00a0\u00a0 Classement : type N et R, 3\u00e8me cat\u00e9gorie \u00a0\u00a0\u00a0\u00a0\u00a0\u00a0\u00a0\u00a0\u00a0\u00a0\u00a0 Ma\u00eetre d&rsquo;ouvrage\u00a0: \u00a0\u00a0\u00a0 \u00a0 \u00a0\u00a0\u00a0\u00a0\u00a0 Commune d&rsquo;Alenya (66) \u00a0\u00a0\u00a0\u00a0\u00a0\u00a0\u00a0 \u00a0 \u00a0 Architecte : Maxime Querol, Archi2 \u00a0\u00a0\u00a0\u00a0\u00a0\u00a0\u00a0\u00a0\u00a0\u00a0\u00a0 Ann\u00e9e\u00a0: D\u00e9marrage des travaux (f\u00e9vrier 2023) \u00a0\u00a0\u00a0\u00a0\u00a0\u00a0\u00a0\u00a0\u00a0\u00a0\u00a0 Mission du [&hellip;]<\/p>\n","protected":false},"author":1,"featured_media":0,"parent":0,"menu_order":0,"comment_status":"closed","ping_status":"closed","template":"","meta":{"footnotes":""},"class_list":["post-67","page","type-page","status-publish","hentry"],"_links":{"self":[{"href":"https:\/\/bet-reel.fr\/index.php?rest_route=\/wp\/v2\/pages\/67","targetHints":{"allow":["GET"]}}],"collection":[{"href":"https:\/\/bet-reel.fr\/index.php?rest_route=\/wp\/v2\/pages"}],"about":[{"href":"https:\/\/bet-reel.fr\/index.php?rest_route=\/wp\/v2\/types\/page"}],"author":[{"embeddable":true,"href":"https:\/\/bet-reel.fr\/index.php?rest_route=\/wp\/v2\/users\/1"}],"replies":[{"embeddable":true,"href":"https:\/\/bet-reel.fr\/index.php?rest_route=%2Fwp%2Fv2%2Fcomments&post=67"}],"version-history":[{"count":17,"href":"https:\/\/bet-reel.fr\/index.php?rest_route=\/wp\/v2\/pages\/67\/revisions"}],"predecessor-version":[{"id":767,"href":"https:\/\/bet-reel.fr\/index.php?rest_route=\/wp\/v2\/pages\/67\/revisions\/767"}],"wp:attachment":[{"href":"https:\/\/bet-reel.fr\/index.php?rest_route=%2Fwp%2Fv2%2Fmedia&parent=67"}],"curies":[{"name":"wp","href":"https:\/\/api.w.org\/{rel}","templated":true}]}}